{"id":3,"date":"2020-11-04T19:46:17","date_gmt":"2020-11-04T19:46:17","guid":{"rendered":"http:\/\/www.studiocierpienie.pl\/?page_id=3"},"modified":"2024-03-13T17:33:52","modified_gmt":"2024-03-13T17:33:52","slug":"privacy-policy","status":"publish","type":"page","link":"https:\/\/www.studiocierpienie.pl\/en\/privacy-policy\/","title":{"rendered":"Privacy policy"},"content":{"rendered":"<p>Przedstawiona poni\u017cej polityka prywatno\u015bci wyja\u015bnia stosowane przez www.studiocierpienie.pl zasady gromadzenia i przetwarzania danych osobowych.<\/p>\n\n\n\n<p>Zbieraj\u0105c i przetwarzaj\u0105c dane osobowe, stosujemy si\u0119 do wszystkich poni\u017cszych zasad przetwarzania danych.<\/p>\n\n\n\n<p>Wyra\u017caj\u0105c zgod\u0119 na wykorzystanie plik\u00f3w cookie przez nasz\u0105 stron\u0119 o\u015bwiadczasz, \u017ce Twoja przegl\u0105darka jest ustawiona w tym zakresie zgodnie z Twoimi preferencjami.<\/p>\n\n\n\n<ol class=\"wp-block-list\"><li>Zasady przetwarzania danych osobowych:<ul><li>\u201ezgodno\u015b\u0107 z prawem, rzetelno\u015b\u0107 i przejrzysto\u015b\u0107\u201d,<\/li><li>\u201eograniczenie celu\u201d,<\/li><li>\u201eminimalizacja danych\u201d,<\/li><li>\u201eprawid\u0142owo\u015b\u0107\u201d,<\/li><li>\u201eograniczenie przechowywania\u201d,<\/li><li>\u201eintegralno\u015b\u0107 i poufno\u015b\u0107\u201d.<\/li><\/ul><\/li><\/ol>\n\n\n\n<p>\u200b\u200b<\/p>\n\n\n\n<p>&nbsp; &nbsp;2. Warunki zgodnego z prawem przetwarzania danych osobowych:<\/p>\n\n\n\n<p>\u200b\u200b<\/p>\n\n\n\n<ul class=\"wp-block-list\"><li>osoba, kt\u00f3rej dane dotycz\u0105, wyrazi\u0142a zgod\u0119 na przetwarzanie swoich danych osobowych w jednym lub wi\u0119kszej liczbie okre\u015blonych cel\u00f3w;<\/li><li>przetwarzanie jest niezb\u0119dne do wykonania umowy, kt\u00f3rej stron\u0105 jest osoba, kt\u00f3rej dane dotycz\u0105, lub do podj\u0119cia dzia\u0142a\u0144 na \u017c\u0105danie osoby, kt\u00f3rej dane dotycz\u0105, przed zawarciem umowy;<\/li><li>przetwarzanie jest niezb\u0119dne do wype\u0142nienia obowi\u0105zku prawnego ci\u0105\u017c\u0105cego na administratorze;<\/li><li>przetwarzanie jest niezb\u0119dne do ochrony \u017cywotnych interes\u00f3w osoby, kt\u00f3rej dane dotycz\u0105 lub innej osoby fizycznej;<\/li><li>przetwarzanie jest niezb\u0119dne do cel\u00f3w wynikaj\u0105cych z prawnie uzasadnionych interes\u00f3w realizowanych przez administratora lub przez stron\u0119 trzeci\u0105, z wyj\u0105tkiem sytuacji, w kt\u00f3rych nadrz\u0119dny charakter wobec tych interes\u00f3w maj\u0105 interesy lub podstawowe prawa i wolno\u015bci osoby, kt\u00f3rej dane dotycz\u0105, wymagaj\u0105ce ochrony danych osobowych, w szczeg\u00f3lno\u015bci gdy osoba, kt\u00f3rej dane dotycz\u0105, jest dzieckiem.<\/li><\/ul>\n\n\n\n<p>Podczas przegl\u0105dania naszego serwisu, stosownie do konfiguracji przegl\u0105darki, na komputerze u\u017cytkownika (urz\u0105dzeniu ko\u0144cowym) mo\u017ce zosta\u0107 zapisany jeden lub kilka plik\u00f3w cookie.<\/p>\n\n\n\n<p>Przed wyra\u017ceniem zgody, na komputerze u\u017cytkownika zapisywane s\u0105 pliki cookie niezb\u0119dne do prawid\u0142owego funkcjonowania serwisu.<\/p>\n\n\n\n<p>Pliki cookie mog\u0105 by\u0107 zamieszczane przez BoldMove, jak i podmioty trzecie, z kt\u00f3rymi wsp\u00f3\u0142pracujemy. Prosimy o zapoznanie si\u0119 z poni\u017cszymi informacjami na temat plik\u00f3w cookie oraz sposobu ich wykorzystywania.<\/p>\n\n\n\n<p>\u200b<\/p>\n\n\n\n<p>Kto jest administratorem<\/p>\n\n\n\n<p>Administratorem Twoich danych osobowych jest Karolina Karpowicz, Smarzykowo 6, 89-200 Szubin.<\/p>\n\n\n\n<p>W jakim celu i na jakiej podstawie b\u0119d\u0105 przetwarzane dane<\/p>\n\n\n\n<p>Twoje dane osobowe pozyskane w zwi\u0105zku z korzystaniem z serwisu Studio Cierpienie b\u0119d\u0105 przetwarzane w nast\u0119puj\u0105cych celach:<\/p>\n\n\n\n<p>\u200b\u200b<\/p>\n\n\n\n<ol class=\"wp-block-list\"><li>prowadzenia dzia\u0142a\u0144 marketingowych, w tym pozyskania i utrzymania klienta;<\/li><li>sprzeda\u017cy produkt\u00f3w i us\u0142ug;<\/li><li>zwi\u0105zanych z prowadzon\u0105 dzia\u0142alno\u015bci\u0105 gospodarcz\u0105, w tym na potrzeby prowadzenia analiz i statystyk;<\/li><\/ol>\n\n\n\n<p>Podstaw\u0105 prawn\u0105 przetwarzania danych b\u0119dzie:<\/p>\n\n\n\n<ol class=\"wp-block-list\"><li>udzielona zgoda;<\/li><li>niezb\u0119dno\u015b\u0107 do wykonania umowy lub do podj\u0119cia dzia\u0142a\u0144 na Pa\u0144stwa \u017c\u0105danie przed zawarciem umowy;<\/li><li>niezb\u0119dno\u015b\u0107 do wype\u0142nienia obowi\u0105zku prawnego ci\u0105\u017c\u0105cego na administratorze;<\/li><\/ol>\n\n\n\n<p>Kto b\u0119dzie odbiorc\u0105 Twoich danych i gdzie b\u0119d\u0105 one przekazywane<\/p>\n\n\n\n<p>Twoje dane mog\u0105 by\u0107 przekazane do pa\u0144stwa trzeciego (m.in. USA) w zwi\u0105zku z:<\/p>\n\n\n\n<ol class=\"wp-block-list\"><li>prowadzonymi dzia\u0142aniami podejmowanymi na serwisach spo\u0142eczno\u015bciowych oraz wykorzystaniem wtyczek i innych narz\u0119dzi pochodz\u0105cych z tych serwis\u00f3w (m.in. Facebook, Instagram, YouTube oraz program MailerLite w przypadku zapisu);<\/li><li>wykorzystaniem narz\u0119dzi analitycznych i s\u0142u\u017c\u0105cych zanonimizowanemu \u015bledzeniu zachowa\u0144 u\u017cytkownik\u00f3w, w szczeg\u00f3lno\u015bci takich jak Google Analytics)<\/li><li>wykorzystaniem platform reklamowych s\u0142u\u017c\u0105cych pozyskaniu \u015brodk\u00f3w na utrzymanie serwis\u00f3w internetowych (w szczeg\u00f3lno\u015bci: Google adsense).<\/li><\/ol>\n\n\n\n<p>Twoje dane mog\u0105 by\u0107 przekazywane:<\/p>\n\n\n\n<ol class=\"wp-block-list\"><li>procesorom w zwi\u0105zku ze zleconymi przez Studio Cierpienie dzia\u0142aniami realizowanymi w imieniu Studio Cierpienie;<\/li><li>podmiotom lub organom uprawnionym na podstawie przepis\u00f3w prawa.<\/li><\/ol>\n\n\n\n<p>Przez jaki okres dane b\u0119d\u0105 przetwarzane<\/p>\n\n\n\n<p>Okres przetwarzania Twoich danych osobowych jest uzale\u017cniony od celu, w jakim dane s\u0105 przetwarzane. Okres, przez jaki Twoje dane osobowe b\u0119d\u0105 przechowywane, jest obliczany w oparciu o nast\u0119puj\u0105ce kryteria:<\/p>\n\n\n\n<ol class=\"wp-block-list\"><li>przepisy prawa, kt\u00f3re mog\u0105 obligowa\u0107 Karolina Karpowicz do przetwarzania danych przez okre\u015blony czas;<\/li><li>okres niezb\u0119dny do utrzymania i obs\u0142ugi utworzonego konta w serwisach internetowych Karolina Karpowicz<\/li><li>okres niezb\u0119dny do \u015bwiadczenia us\u0142ug i zapewnienia niezb\u0119dnej obs\u0142ugi klienta;<\/li><li>okres, na jaki zosta\u0142a udzielona zgoda.<\/li><\/ol>\n\n\n\n<p>Jakie masz prawa<\/p>\n\n\n\n<p>Masz prawo do:<\/p>\n\n\n\n<ol class=\"wp-block-list\"><li>\u017c\u0105dania dost\u0119pu do danych osobowych dotycz\u0105cych Twojej osoby;<\/li><li>sprostowania danych;<\/li><li>\u017c\u0105dania uzupe\u0142nienia niekompletnych danych osobowych, w tym poprzez przedstawienie dodatkowego o\u015bwiadczenia;<\/li><li>usuni\u0119cia danych lub ograniczenia przetwarzania;<\/li><li>wniesienia sprzeciwu wobec dalszego przetwarzania Twoich danych osobowych;<\/li><li>przeniesienia Twoich danych osobowych.<\/li><\/ol>\n\n\n\n<p>Masz prawo do cofni\u0119cia wyra\u017conej zgody w dowolnym momencie. Wycofanie zgody nie ma wp\u0142ywu na zgodno\u015b\u0107 z prawem przetwarzania Twoich danych, kt\u00f3rego dokonano na podstawie udzielonej zgody przed jej cofni\u0119ciem.<\/p>\n\n\n\n<p>Przetwarzaj\u0105c Twoje dane, kt\u00f3re s\u0105 zbierane za pomoc\u0105 plik\u00f3w cookie, Karolina Karpowicz&nbsp;w wi\u0119kszo\u015bci przypadk\u00f3w nie jest w stanie zidentyfikowa\u0107 Twojej osoby. Zatem je\u015bli chcia\u0142by\u015b skorzysta\u0107 z przys\u0142uguj\u0105cych Ci praw, mo\u017cesz zosta\u0107 poproszony o dostarczenie dodatkowych informacji w celu zidentyfikowania Ciebie.<\/p>\n\n\n\n<p>W przypadku w\u0105tpliwo\u015bci co do prawid\u0142owo\u015bci przetwarzania Twoich danych osobowych masz prawo wniesienia skargi do organu nadzorczego.<\/p>\n\n\n\n<p>\u200b<\/p>\n\n\n\n<p>Jakie b\u0119d\u0105 konsekwencje niepodania danych<\/p>\n\n\n\n<p>Podanie danych jest dobrowolne lub mo\u017ce by\u0107 warunkiem koniecznym do zawarcia umowy (np. utworzenia konta w serwisie) lub \u015bwiadczenia us\u0142ug. Bez ich podania umowa nie mo\u017ce zosta\u0107 zawarta.<\/p>\n\n\n\n<p>W jaki spos\u00f3b profilujemy<\/p>\n\n\n\n<p>Korzystamy&nbsp;z system\u00f3w s\u0142u\u017c\u0105cych do zautomatyzowanego podejmowania decyzji. Nast\u0119puj\u0105ce decyzje s\u0105 podejmowane w spos\u00f3b zautomatyzowany:<\/p>\n\n\n\n<ol class=\"wp-block-list\"><li>profilowanie jest wykonywane na podstawie posiadanych danych, w szczeg\u00f3lno\u015bci takich jak: dane dotycz\u0105ce \u015bwiadczonych us\u0142ug, informacje pozyskane za pomoc\u0105 plik\u00f3w cookie, w tym dane transmisyjne, dane o lokalizacji;<\/li><li>profilowanie ma wp\u0142yw na informacje marketingowe oraz oferty, jakie b\u0119dziesz otrzymywa\u0107 (oferta dopasowana do Twoich potrzeb).<\/li><\/ol>\n\n\n\n<p>W jaki spos\u00f3b uzyska\u0107 informacj\u0119 o przetwarzaniu danych<\/p>\n\n\n\n<p>Wszelk\u0105 korespondencj\u0119 w sprawach zwi\u0105zanych z przetwarzaniem Twoich danych osobowych kieruj na adres administratora z dopiskiem \u201eDane osobowe\u201d lub drog\u0105 elektroniczn\u0105 na skrzynk\u0119 studiocierpienie@gmail.com<\/p>\n\n\n\n<p>Wykorzystywanie plik\u00f3w cookie<\/p>\n\n\n\n<p>Nasza strona internetowa wykorzystuje pliki cookie, kt\u00f3re s\u0142u\u017c\u0105 identyfikacji Twojej przegl\u0105darki podczas korzystania z naszej strony. Pliki cookie zawieraj\u0105 niewielkie ilo\u015bci tekstu mo\u017cliwego do odczytania tylko przez stron\u0119, kt\u00f3ra je wysy\u0142a. Dzi\u0119ki zebranym informacjom mo\u017cemy uzyska\u0107 wiedz\u0119 o tym, jak cz\u0119sto odwiedzasz nasz serwis i kt\u00f3re jego elementy najbardziej Ci\u0119 interesuj\u0105. Uzyskane dane wykorzystujemy dla lepszego dostosowania serwis\u00f3w WWW do Twoich potrzeb, usprawnienia funkcjonowania serwisu oraz w celach statystycznych i reklamowych. Pliki te nie mog\u0105 by\u0107 wykorzystane do infekowania urz\u0105dzenia wirusami lub innym z\u0142o\u015bliwym oprogramowaniem (malware).<\/p>\n\n\n\n<p>Ka\u017cdy indywidualny cookie sk\u0142ada si\u0119 z czterech podstawowych cz\u0119\u015bci:<\/p>\n\n\n\n<ol class=\"wp-block-list\"><li>nazwa strony WWW: nazwa domeny lub subdomeny, kt\u00f3ra ustawi\u0142a cookie;<\/li><li>nazwa cookie: cookie ma nazw\u0119, unikatow\u0105 na stronie, kt\u00f3ra je ustawi\u0142a;<\/li><li>termin wa\u017cno\u015bci: wa\u017cno\u015b\u0107 niekt\u00f3rych plik\u00f3w cookie wygasa po zamkni\u0119ciu przegl\u0105darki (tzw. cookie sesji), inne cookie zostan\u0105 automatycznie usuni\u0119te dopiero po osi\u0105gni\u0119ciu daty wa\u017cno\u015bci, kt\u00f3ra zosta\u0142a ustawiona (tzw. trwa\u0142e cookie);<\/li><li>warto\u015b\u0107: to informacje w pliku cookie, kt\u00f3rych strona WWW u\u017cywa do \u201ezapami\u0119tania\u201d poprzedniej wizyty.<\/li><\/ol>\n\n\n\n<p>W plikach cookie przechowujemy podstawowe informacje o u\u017cytkownikach (np. identyfikator) oraz informacje potrzebne do optymalizacji i poprawnego wy\u015bwietlania tre\u015bci zawartych na stronach. Informacje te s\u0142u\u017c\u0105 do:<\/p>\n\n\n\n<ol class=\"wp-block-list\"><li>rozpoznawania u\u017cytkownik\u00f3w loguj\u0105cych si\u0119 na chronionych stronach internetowych, co umo\u017cliwia im odwiedzanie wielu stron bez konieczno\u015bci wpisywania nazwy u\u017cytkownika i has\u0142a do ka\u017cdej ze stron;<\/li><li>rejestrowania preferencji u\u017cytkownik\u00f3w \u2013 przegl\u0105danej zawarto\u015bci i formatu przegl\u0105dania (u\u017cytkownik nie musi ustawia\u0107 preferencji przy ka\u017cdej wizycie na stronie);<\/li><li>rejestrowania stron odwiedzanych przez u\u017cytkownik\u00f3w, co pozwala zebra\u0107 dane pomocne we wprowadzaniu usprawnie\u0144 w tre\u015bci i w sposobie nawigacji strony.<\/li><\/ol>\n\n\n\n<p>U\u017cytkownicy naszego serwisu mog\u0105 w dowolnej chwili zaprzesta\u0107 dostarczania tych informacji naszemu serwisowi poprzez wykasowanie plik\u00f3w cookie zapisanych na ich urz\u0105dzeniach ko\u0144cowych przez nasz serwis. Aby tego dokona\u0107, nale\u017cy zmieni\u0107 ustawienia aktualnie u\u017cywanej przegl\u0105darki internetowej.<\/p>\n\n\n\n<p>\u200b<\/p>\n\n\n\n<p>Masz prawo do odmowy zapisywania i odczytywania plik\u00f3w cookie na Twoim urz\u0105dzeniu (komputerze, telefonie). Aby to zrobi\u0107, musisz zaznaczy\u0107 odpowiednie ustawienia w opcjach przegl\u0105darki internetowej lub nie wyrazi\u0107 zgody w przypadku, gdy aplikacja zawarta na serwisie internetowym b\u0119dzie si\u0119 Ciebie o to pyta\u0107.<\/p>\n\n\n\n<p>Skonfigurowanie przegl\u0105darki w spos\u00f3b, kt\u00f3ry zablokuje instalacj\u0119 plik\u00f3w cookie dla okre\u015blonych, wybranych przez u\u017cytkownika stron internetowych lub dla wszystkich stron, mo\u017ce spowodowa\u0107 utrat\u0119 pewnych funkcjonalno\u015bci i utrudni\u0107 lub uniemo\u017cliwi\u0107 pe\u0142ne wykorzystanie jej mo\u017cliwo\u015bci. Zgodnie z wymogami Prawa telekomunikacyjnego i RODO za potwierdzenie zgody na wykorzystanie plik\u00f3w cookie uznaje si\u0119 skonfigurowanie przegl\u0105darki pozwalaj\u0105ce na instalacj\u0119 plik\u00f3w cookie na komputerze (patrz linki powy\u017cej). Informacje na temat zarz\u0105dzania plikami cookie mo\u017cna znale\u017a\u0107 na stronie (<a href=\"http:\/\/www.allaboutcookies.org\/manage-cookies\/\" target=\"_blank\" rel=\"noreferrer noopener\">http:\/\/www.allaboutcookies.org\/manage-cookies\/<\/a>) lub (<a href=\"http:\/\/wszystkoociasteczkach.pl\/\" target=\"_blank\" rel=\"noreferrer noopener\">http:\/\/wszystkoociasteczkach.pl\/<\/a>).<\/p>\n\n\n\n<p>W jaki spos\u00f3b zabezpieczamy Twoje dane osobowe<\/p>\n\n\n\n<p>Komunikacja mi\u0119dzy Twoim komputerem a naszym serwerem, gdy zbieramy Twoje dane osobowe, jest zaszyfrowana z u\u017cyciem protoko\u0142u SSL (Secure Socket Layer). Dodatkowo nasze bazy danych s\u0105 zabezpieczone przed wgl\u0105dem os\u00f3b trzecich.<\/p>\n\n\n\n<p>Zmiany naszej polityki prywatno\u015bci<\/p>\n\n\n\n<p>Zastrzegamy sobie prawo zmiany przedstawionej polityki prywatno\u015bci poprzez opublikowanie nowej tre\u015bci na naszej stronie internetowej. Po dokonaniu zmiany polityka prywatno\u015bci uka\u017ce si\u0119 na stronie z now\u0105 dat\u0105.<\/p>\n\n\n\n<p><\/p>","protected":false},"excerpt":{"rendered":"<p>Przedstawiona poni\u017cej polityka prywatno\u015bci wyja\u015bnia stosowane przez www.studiocierpienie.pl zasady gromadzenia i przetwarzania danych osobowych. Zbieraj\u0105c i przetwarzaj\u0105c dane osobowe, stosujemy si\u0119 do wszystkich poni\u017cszych zasad przetwarzania danych. Wyra\u017caj\u0105c zgod\u0119 na wykorzystanie plik\u00f3w cookie przez nasz\u0105 stron\u0119 o\u015bwiadczasz, \u017ce Twoja przegl\u0105darka jest ustawiona w tym zakresie zgodnie z Twoimi preferencjami. Zasady przetwarzania danych osobowych: \u201ezgodno\u015b\u0107 z&#8230;<\/p>\n<p><a rel=\"bookmark\" class=\"decibel-button-text wvc-button wvc-button-size-sm wolf-core-button wolf-core-button-size-sm\" href=\"https:\/\/www.studiocierpienie.pl\/en\/privacy-policy\/\"><small class=\"wvc-button-background-fill wolf-core-button-background-fill\"><\/small><span>continue reading<\/span><\/a><\/p>","protected":false},"author":1,"featured_media":0,"parent":0,"menu_order":0,"comment_status":"closed","ping_status":"open","template":"","meta":{"footnotes":""},"class_list":{"0":"post-3","1":"page","2":"type-page","3":"status-publish","4":"hentry","5":"entry","6":"clearfix","7":"entry-grid","8":"entry-columns-default","9":"entry-page-module-layout-standard","10":"no-post-thumbnail","11":"entry-page","13":"entry-page-grid"},"yoast_head":"<!-- This site is optimized with the Yoast SEO plugin v27.3 - https:\/\/yoast.com\/product\/yoast-seo-wordpress\/ -->\n<title>Polityka prywatno\u015bci - Studio Cierpienie<\/title>\n<meta name=\"robots\" content=\"noindex, follow\" \/>\n<meta property=\"og:locale\" content=\"en_US\" \/>\n<meta property=\"og:type\" content=\"article\" \/>\n<meta property=\"og:title\" content=\"Polityka prywatno\u015bci - Studio Cierpienie\" \/>\n<meta property=\"og:description\" content=\"Przedstawiona poni\u017cej polityka prywatno\u015bci wyja\u015bnia stosowane przez www.studiocierpienie.pl zasady gromadzenia i przetwarzania danych osobowych. Zbieraj\u0105c i przetwarzaj\u0105c dane osobowe, stosujemy si\u0119 do wszystkich poni\u017cszych zasad przetwarzania danych. Wyra\u017caj\u0105c zgod\u0119 na wykorzystanie plik\u00f3w cookie przez nasz\u0105 stron\u0119 o\u015bwiadczasz, \u017ce Twoja przegl\u0105darka jest ustawiona w tym zakresie zgodnie z Twoimi preferencjami. Zasady przetwarzania danych osobowych: \u201ezgodno\u015b\u0107 z...continue reading\" \/>\n<meta property=\"og:url\" content=\"https:\/\/www.studiocierpienie.pl\/en\/privacy-policy\/\" \/>\n<meta property=\"og:site_name\" content=\"Studio Cierpienie\" \/>\n<meta property=\"article:publisher\" content=\"http:\/\/facebook.com\/studiocierpienie\" \/>\n<meta property=\"article:modified_time\" content=\"2024-03-13T17:33:52+00:00\" \/>\n<meta name=\"twitter:card\" content=\"summary_large_image\" \/>\n<meta name=\"twitter:label1\" content=\"Est. reading time\" \/>\n\t<meta name=\"twitter:data1\" content=\"8 minutes\" \/>\n<script type=\"application\/ld+json\" class=\"yoast-schema-graph\">{\"@context\":\"https:\\\/\\\/schema.org\",\"@graph\":[{\"@type\":\"WebPage\",\"@id\":\"https:\\\/\\\/www.studiocierpienie.pl\\\/en\\\/privacy-policy\\\/\",\"url\":\"https:\\\/\\\/www.studiocierpienie.pl\\\/en\\\/privacy-policy\\\/\",\"name\":\"Polityka prywatno\u015bci - Studio Cierpienie\",\"isPartOf\":{\"@id\":\"https:\\\/\\\/www.studiocierpienie.pl\\\/#website\"},\"datePublished\":\"2020-11-04T19:46:17+00:00\",\"dateModified\":\"2024-03-13T17:33:52+00:00\",\"breadcrumb\":{\"@id\":\"https:\\\/\\\/www.studiocierpienie.pl\\\/en\\\/privacy-policy\\\/#breadcrumb\"},\"inLanguage\":\"en-US\",\"potentialAction\":[{\"@type\":\"ReadAction\",\"target\":[\"https:\\\/\\\/www.studiocierpienie.pl\\\/en\\\/privacy-policy\\\/\"]}]},{\"@type\":\"BreadcrumbList\",\"@id\":\"https:\\\/\\\/www.studiocierpienie.pl\\\/en\\\/privacy-policy\\\/#breadcrumb\",\"itemListElement\":[{\"@type\":\"ListItem\",\"position\":1,\"name\":\"Strona g\u0142\u00f3wna\",\"item\":\"https:\\\/\\\/www.studiocierpienie.pl\\\/\"},{\"@type\":\"ListItem\",\"position\":2,\"name\":\"Polityka prywatno\u015bci\"}]},{\"@type\":\"WebSite\",\"@id\":\"https:\\\/\\\/www.studiocierpienie.pl\\\/#website\",\"url\":\"https:\\\/\\\/www.studiocierpienie.pl\\\/\",\"name\":\"Studio Cierpienie\",\"description\":\"Studio nagra\u0144 na wsi po\u015br&oacute;d pa\u0142uckich p&oacute;l\",\"publisher\":{\"@id\":\"https:\\\/\\\/www.studiocierpienie.pl\\\/#organization\"},\"potentialAction\":[{\"@type\":\"SearchAction\",\"target\":{\"@type\":\"EntryPoint\",\"urlTemplate\":\"https:\\\/\\\/www.studiocierpienie.pl\\\/?s={search_term_string}\"},\"query-input\":{\"@type\":\"PropertyValueSpecification\",\"valueRequired\":true,\"valueName\":\"search_term_string\"}}],\"inLanguage\":\"en-US\"},{\"@type\":\"Organization\",\"@id\":\"https:\\\/\\\/www.studiocierpienie.pl\\\/#organization\",\"name\":\"Studio Cierpienie - Studio Nagra\u0144\",\"url\":\"https:\\\/\\\/www.studiocierpienie.pl\\\/\",\"logo\":{\"@type\":\"ImageObject\",\"inLanguage\":\"en-US\",\"@id\":\"https:\\\/\\\/www.studiocierpienie.pl\\\/#\\\/schema\\\/logo\\\/image\\\/\",\"url\":\"http:\\\/\\\/www.studiocierpienie.pl\\\/wp-content\\\/uploads\\\/2021\\\/10\\\/studio-cierpienie-krzywe-cmyk-01-scaled.jpg\",\"contentUrl\":\"http:\\\/\\\/www.studiocierpienie.pl\\\/wp-content\\\/uploads\\\/2021\\\/10\\\/studio-cierpienie-krzywe-cmyk-01-scaled.jpg\",\"width\":2560,\"height\":2147,\"caption\":\"Studio Cierpienie - Studio Nagra\u0144\"},\"image\":{\"@id\":\"https:\\\/\\\/www.studiocierpienie.pl\\\/#\\\/schema\\\/logo\\\/image\\\/\"},\"sameAs\":[\"http:\\\/\\\/facebook.com\\\/studiocierpienie\",\"https:\\\/\\\/www.instagram.com\\\/studio_cierpienie\\\/\"]}]}<\/script>\n<!-- \/ Yoast SEO plugin. -->","yoast_head_json":{"title":"Polityka prywatno\u015bci - Studio Cierpienie","robots":{"index":"noindex","follow":"follow"},"og_locale":"en_US","og_type":"article","og_title":"Polityka prywatno\u015bci - Studio Cierpienie","og_description":"Przedstawiona poni\u017cej polityka prywatno\u015bci wyja\u015bnia stosowane przez www.studiocierpienie.pl zasady gromadzenia i przetwarzania danych osobowych. Zbieraj\u0105c i przetwarzaj\u0105c dane osobowe, stosujemy si\u0119 do wszystkich poni\u017cszych zasad przetwarzania danych. Wyra\u017caj\u0105c zgod\u0119 na wykorzystanie plik\u00f3w cookie przez nasz\u0105 stron\u0119 o\u015bwiadczasz, \u017ce Twoja przegl\u0105darka jest ustawiona w tym zakresie zgodnie z Twoimi preferencjami. Zasady przetwarzania danych osobowych: \u201ezgodno\u015b\u0107 z...continue reading","og_url":"https:\/\/www.studiocierpienie.pl\/en\/privacy-policy\/","og_site_name":"Studio Cierpienie","article_publisher":"http:\/\/facebook.com\/studiocierpienie","article_modified_time":"2024-03-13T17:33:52+00:00","twitter_card":"summary_large_image","twitter_misc":{"Est. reading time":"8 minutes"},"schema":{"@context":"https:\/\/schema.org","@graph":[{"@type":"WebPage","@id":"https:\/\/www.studiocierpienie.pl\/en\/privacy-policy\/","url":"https:\/\/www.studiocierpienie.pl\/en\/privacy-policy\/","name":"Polityka prywatno\u015bci - Studio Cierpienie","isPartOf":{"@id":"https:\/\/www.studiocierpienie.pl\/#website"},"datePublished":"2020-11-04T19:46:17+00:00","dateModified":"2024-03-13T17:33:52+00:00","breadcrumb":{"@id":"https:\/\/www.studiocierpienie.pl\/en\/privacy-policy\/#breadcrumb"},"inLanguage":"en-US","potentialAction":[{"@type":"ReadAction","target":["https:\/\/www.studiocierpienie.pl\/en\/privacy-policy\/"]}]},{"@type":"BreadcrumbList","@id":"https:\/\/www.studiocierpienie.pl\/en\/privacy-policy\/#breadcrumb","itemListElement":[{"@type":"ListItem","position":1,"name":"Strona g\u0142\u00f3wna","item":"https:\/\/www.studiocierpienie.pl\/"},{"@type":"ListItem","position":2,"name":"Polityka prywatno\u015bci"}]},{"@type":"WebSite","@id":"https:\/\/www.studiocierpienie.pl\/#website","url":"https:\/\/www.studiocierpienie.pl\/","name":"Studio Cierpienie","description":"Studio nagra\u0144 na wsi po\u015br&oacute;d pa\u0142uckich p&oacute;l","publisher":{"@id":"https:\/\/www.studiocierpienie.pl\/#organization"},"potentialAction":[{"@type":"SearchAction","target":{"@type":"EntryPoint","urlTemplate":"https:\/\/www.studiocierpienie.pl\/?s={search_term_string}"},"query-input":{"@type":"PropertyValueSpecification","valueRequired":true,"valueName":"search_term_string"}}],"inLanguage":"en-US"},{"@type":"Organization","@id":"https:\/\/www.studiocierpienie.pl\/#organization","name":"Studio Cierpienie - Studio Nagra\u0144","url":"https:\/\/www.studiocierpienie.pl\/","logo":{"@type":"ImageObject","inLanguage":"en-US","@id":"https:\/\/www.studiocierpienie.pl\/#\/schema\/logo\/image\/","url":"http:\/\/www.studiocierpienie.pl\/wp-content\/uploads\/2021\/10\/studio-cierpienie-krzywe-cmyk-01-scaled.jpg","contentUrl":"http:\/\/www.studiocierpienie.pl\/wp-content\/uploads\/2021\/10\/studio-cierpienie-krzywe-cmyk-01-scaled.jpg","width":2560,"height":2147,"caption":"Studio Cierpienie - Studio Nagra\u0144"},"image":{"@id":"https:\/\/www.studiocierpienie.pl\/#\/schema\/logo\/image\/"},"sameAs":["http:\/\/facebook.com\/studiocierpienie","https:\/\/www.instagram.com\/studio_cierpienie\/"]}]}},"_links":{"self":[{"href":"https:\/\/www.studiocierpienie.pl\/en\/wp-json\/wp\/v2\/pages\/3","targetHints":{"allow":["GET"]}}],"collection":[{"href":"https:\/\/www.studiocierpienie.pl\/en\/wp-json\/wp\/v2\/pages"}],"about":[{"href":"https:\/\/www.studiocierpienie.pl\/en\/wp-json\/wp\/v2\/types\/page"}],"author":[{"embeddable":true,"href":"https:\/\/www.studiocierpienie.pl\/en\/wp-json\/wp\/v2\/users\/1"}],"replies":[{"embeddable":true,"href":"https:\/\/www.studiocierpienie.pl\/en\/wp-json\/wp\/v2\/comments?post=3"}],"version-history":[{"count":3,"href":"https:\/\/www.studiocierpienie.pl\/en\/wp-json\/wp\/v2\/pages\/3\/revisions"}],"predecessor-version":[{"id":778,"href":"https:\/\/www.studiocierpienie.pl\/en\/wp-json\/wp\/v2\/pages\/3\/revisions\/778"}],"wp:attachment":[{"href":"https:\/\/www.studiocierpienie.pl\/en\/wp-json\/wp\/v2\/media?parent=3"}],"curies":[{"name":"wp","href":"https:\/\/api.w.org\/{rel}","templated":true}]}}