{"id":907,"date":"2022-07-26T15:09:04","date_gmt":"2022-07-26T15:09:04","guid":{"rendered":"http:\/\/www.studiocierpienie.pl\/?page_id=907"},"modified":"2024-03-24T17:44:40","modified_gmt":"2024-03-24T17:44:40","slug":"mix-mastering","status":"publish","type":"page","link":"https:\/\/www.studiocierpienie.pl\/en\/mix-mastering\/","title":{"rendered":"Mix &amp; master"},"content":{"rendered":"<div  data-font-color=\"dark\" class=\"wvc-clearfix  wvc-row wvc-parent-row wvc-row-width-wide wvc-row-layout-block wvc-video-bg-is-mute wvc-row-bg-effect-none wvc-row-bg-default wvc-font-dark wvc-border-color-none wvc-background-color-default wvc-row-is-fullwidth section\" style=\"\"><div class=\"wvc-row-wrapper wvc-row-wrapper-width-full\" style=\"\"><div class=\"wvc-row-content\"><div class=\"wvc-columns-container\" style=\"\"><div id=\"wvc-col-8715\" class=\"wvc-col-6 wvc-column wvc-column-content-placement-default wvc-column-content-type-default wvc-column-content-alignment-center wvc-column-text-alignment-default\" data-base-width-int=\"6\" style=\"\"><div class=\"wvc-column-container wvc-column-bg-image wvc-column-bg-effect-none wvc-font-inherit wvc-column-font-inherit wvc-column-style-none wvc-border-color-none wvc-column-has-fill\" style=\"\"><div  class=\"wvc-img-bg\" style=\"background-color:#ffffff;background-position:center center;background-repeat:no-repeat;background-size:cover;\"><\/div><div class=\"wvc-column-inner\"><div class=\"wvc-column-wrapper wpb_wrapper\" style=\"\"><div class=\"wvc-custom-heading wvc-element wvc-text-align-left\" style=\"\"><h2 style=\"font-size:32px;text-align:left;line-height:1.5;\" class=\"wvc-mobile-text-align- wvc-text-color-default\"\n\t\tdata-heading-text=\"Postprodukcja\"\n\t\tdata-max-font-size=\"32\"\n\t\tdata-min-font-size=\"18\">Post-production<\/h2><\/div><div class=\"wvc-text-block wvc-clearfix wvc-element wvc-mobile-text-align-\" style=\"\"><div class=\"wbp_wrapper\"><h3>You can send us your tracks - we offer mixing and mastering based on <a href=\"http:\/\/www.studiocierpienie.pl\/en\/wyposazenie-studia-nagran\/\">analog devices<\/a>we have in the studio.<\/h3>\n<h3>We approach each material individually, trying to give the recording a unique character in line with the common vision. We are also not afraid of experimentation.<\/h3>\n<\/div><!--.wbp_wrapper--><\/div><!--.wvc-text-block--><div class=\"vc_empty_space\"   style=\"height: 50px\" ><span class=\"vc_empty_space_inner\"><\/span><\/div><\/div><!--.wvc-column-wrapper--><\/div><!--.wvc-column-inner--><\/div><!--.wvc-column-container--><\/div><!--.wvc-column--><div id=\"wvc-col-7555\" class=\"wvc-col-6 wvc-column wvc-column-content-placement-default wvc-column-content-type-default wvc-column-content-alignment-center wvc-column-text-alignment-default\" data-base-width-int=\"6\" style=\"\"><div class=\"wvc-column-container wvc-column-bg-image wvc-column-bg-effect-none wvc-font-inherit wvc-column-font-inherit wvc-column-style-none wvc-border-color-none wvc-column-has-fill wvc-background-color-default\" style=\"\"><div class=\"wvc-img-bg\" style=\"background-color:#5c5c5a;\"><img\n\t\t\t\tsrc=\"https:\/\/www.studiocierpienie.pl\/wp-content\/plugins\/wolf-visual-composer\/assets\/img\/blank.gif\"\n\t\t\t\tstyle=\"object-position:50% 50%;\"\n\t\t\t\tdata-src=\"https:\/\/www.studiocierpienie.pl\/wp-content\/uploads\/2022\/07\/postprodukcja_studio_nagraniowe.jpg\" srcset=\"https:\/\/www.studiocierpienie.pl\/wp-content\/uploads\/2022\/07\/postprodukcja_studio_nagraniowe.jpg 1000w, https:\/\/www.studiocierpienie.pl\/wp-content\/uploads\/2022\/07\/postprodukcja_studio_nagraniowe-664x498.jpg 664w, https:\/\/www.studiocierpienie.pl\/wp-content\/uploads\/2022\/07\/postprodukcja_studio_nagraniowe-300x225.jpg 300w, https:\/\/www.studiocierpienie.pl\/wp-content\/uploads\/2022\/07\/postprodukcja_studio_nagraniowe-768x576.jpg 768w\" class=\"wvc-img-cover wvc-lazy-hidden wvc-lazyload-bg\"\n\t\t\t\tsizes=\"(max-width: 1000px) 100vw, 1000px\"\n\t\t\t\talt=\"\"><div class=\"wvc-img-bg-overlay\"><\/div><\/div><div class=\"wvc-column-inner\"><div class=\"wvc-column-wrapper wpb_wrapper\" style=\"\"><div class=\"vc_empty_space\"   style=\"height: 50vh\" ><span class=\"vc_empty_space_inner\"><\/span><\/div><\/div><!--.wvc-column-wrapper--><\/div><!--.wvc-column-inner--><\/div><!--.wvc-column-container--><\/div><!--.wvc-column--><\/div><!--.wvc-columns-container--><\/div><!--.wvc-row-content--><\/div><!--.wvc-row-wrapper--><\/div><!--.wvc-row--><div  data-font-color=\"dark\" class=\"wvc-clearfix  wvc-row wvc-parent-row wvc-row-width-wide wvc-row-layout-column wvc-video-bg-is-mute wvc-row-bg-effect-none wvc-row-bg-default wvc-font-dark wvc-border-color-none wvc-background-color-default wvc-row-content-placement-default wvc-row-columns-placement-default section\" style=\"\"><div class=\"wvc-row-wrapper wvc-row-wrapper-width-standard wvc-row-column-equal-height-\" style=\"\"><div class=\"wvc-row-content\"><div class=\"wvc-columns-container\" style=\"\"><div id=\"wvc-col-1156\" class=\"wvc-col-12 wvc-column wvc-column-content-placement-default wvc-column-content-type-default wvc-column-content-alignment-center wvc-column-text-alignment-default\" data-base-width-int=\"12\" style=\"\"><div class=\"wvc-column-container wvc-column-bg-default wvc-column-bg-effect-none wvc-font-inherit wvc-column-font-inherit wvc-column-style-none wvc-border-color-none wvc-background-color-default\" style=\"\"><div class=\"wvc-column-inner\"><div class=\"wvc-column-wrapper wpb_wrapper\" style=\"\"><div class=\"wvc-single-image-alignement-center wvc-single-image-shape-default wvc-element\" style=\"\"><figure class=\"wvc-mobile-text-align-center wvc-single-image wvc-single-image-overlay- wvc-single-image-hover-effect-default wvc-single-image-border- wvc-single-image-shadow- wvc-single-image-add-caption-\" style=\"max-width:20%;opacity:1;\"><span class=\"wvc-img wvc-img-hover-effect-default\"><img loading=\"lazy\" decoding=\"async\" width=\"300\" height=\"252\" src=\"https:\/\/www.studiocierpienie.pl\/wp-content\/uploads\/2021\/10\/studio-cierpienie-krzywe-cmyk-01-300x252.jpg\" class=\"\" alt=\"\" srcset=\"https:\/\/www.studiocierpienie.pl\/wp-content\/uploads\/2021\/10\/studio-cierpienie-krzywe-cmyk-01-300x252.jpg 300w, https:\/\/www.studiocierpienie.pl\/wp-content\/uploads\/2021\/10\/studio-cierpienie-krzywe-cmyk-01-scaled-664x557.jpg 664w, https:\/\/www.studiocierpienie.pl\/wp-content\/uploads\/2021\/10\/studio-cierpienie-krzywe-cmyk-01-1024x859.jpg 1024w, https:\/\/www.studiocierpienie.pl\/wp-content\/uploads\/2021\/10\/studio-cierpienie-krzywe-cmyk-01-768x644.jpg 768w, https:\/\/www.studiocierpienie.pl\/wp-content\/uploads\/2021\/10\/studio-cierpienie-krzywe-cmyk-01-1536x1288.jpg 1536w, https:\/\/www.studiocierpienie.pl\/wp-content\/uploads\/2021\/10\/studio-cierpienie-krzywe-cmyk-01-2048x1718.jpg 2048w\" sizes=\"auto, (max-width: 300px) 100vw, 300px\" \/><\/span><\/figure><\/div><div class=\"wvc-custom-heading wvc-element wvc-text-align-center\" style=\"\"><h2 style=\"font-size:32px;text-align:center;line-height:1.5;\" class=\"wvc-mobile-text-align- wvc-text-color-default\"\n\t\tdata-heading-text=\"Chcesz wiedzie\u0107 wi\u0119cej? Napisz do nas!\"\n\t\tdata-max-font-size=\"32\"\n\t\tdata-min-font-size=\"18\">Want to know more? Write to us!<\/h2><\/div><div class=\"wvc-text-block wvc-clearfix wvc-element wvc-mobile-text-align-\" style=\"\"><div class=\"wbp_wrapper\"><p style=\"text-align: center\"><span class=\"caption\" style=\"font-size: 14pt\">studiocierpienie @ gmail.com<\/span><\/p>\n<p style=\"text-align: center\">or get in touch via social media:<\/p>\n<\/div><!--.wbp_wrapper--><\/div><!--.wvc-text-block--><div class=\"wvc-socials-container wvc-si-size-fa-3x wvc-text-center wvc-si-direction-horizontal wvc-element\" style=\"\"><div class=\"wvc-social-icon wvc-icon-box wvc-icon-background-style-none wvc-icon-hover-none\"  style=\"animation-delay:0ms;\"><div class=\"wvc-icon-background-color-default wvc-icon-container fa-3x fa-stack\" style=\"\"><div class=\"wvc-icon-background-fill\"><\/div><i style=\"\" class=\"wvc-icon-color-default wvc-icon fa socicon-facebook\"><a title=\"facebook\" class=\"wvc-social-icon-link\" target=\"_blank\" href=\"https:\/\/www.facebook.com\/studiocierpienie\"><\/a><\/i><\/div><\/div><div class=\"wvc-social-icon wvc-icon-box wvc-icon-background-style-none wvc-icon-hover-none\"  style=\"animation-delay:200ms;\"><div class=\"wvc-icon-background-color-default wvc-icon-container fa-3x fa-stack\" style=\"\"><div class=\"wvc-icon-background-fill\"><\/div><i style=\"\" class=\"wvc-icon-color-default wvc-icon fa socicon-instagram\"><a title=\"instagram\" class=\"wvc-social-icon-link\" target=\"_blank\" href=\"https:\/\/www.instagram.com\/studio_cierpienie\/\"><\/a><\/i><\/div><\/div><div class=\"wvc-social-icon wvc-icon-box wvc-icon-background-style-none wvc-icon-hover-none\"  style=\"animation-delay:400ms;\"><div class=\"wvc-icon-background-color-default wvc-icon-container fa-3x fa-stack\" style=\"\"><div class=\"wvc-icon-background-fill\"><\/div><i style=\"\" class=\"wvc-icon-color-default wvc-icon fa wolficon2-tiktok\"><a title=\"tiktok\" class=\"wvc-social-icon-link\" target=\"_blank\" href=\"https:\/\/www.tiktok.com\/@studio_cierpienie\"><\/a><\/i><\/div><\/div><\/div><!-- .wvc-socials-container --><div class=\"vc_empty_space\"   style=\"height: 50px\" ><span class=\"vc_empty_space_inner\"><\/span><\/div><\/div><!--.wvc-column-wrapper--><\/div><!--.wvc-column-inner--><\/div><!--.wvc-column-container--><\/div><!--.wvc-column--><\/div><!--.wvc-columns-container--><\/div><!--.wvc-row-content--><\/div><!--.wvc-row-wrapper--><\/div><!--.wvc-row--><\/p>","protected":false},"excerpt":{"rendered":"PostprodukcjaMo\u017cesz nam wys\u0142a\u0107 swoje \u015bcie\u017cki \u2013 oferujemy mixing i mastering w oparciu o analogowe urz\u0105dzenia, kt\u00f3rymi dysponujemy w studiu. Do ka\u017cdego materia\u0142u podchodzimy indywidualnie, staraj\u0105c si\u0119 nada\u0107 nagraniu wyj\u0105tkowy charakter zgodny ze wsp\u00f3ln\u0105 wizj\u0105. Nie boimy si\u0119 te\u017c eksperyment\u00f3w. Chcesz wiedzie\u0107 wi\u0119cej? Napisz do nas!studiocierpienie @ gmail.com lub odezwij si\u0119 na socialach:","protected":false},"author":1,"featured_media":1048,"parent":0,"menu_order":0,"comment_status":"closed","ping_status":"closed","template":"","meta":{"footnotes":""},"class_list":{"0":"post-907","1":"page","2":"type-page","3":"status-publish","4":"has-post-thumbnail","5":"hentry","6":"entry","7":"clearfix","8":"entry-grid","9":"entry-columns-default","10":"entry-page-module-layout-standard","11":"thumbnail-color-tone-dark","12":"entry-page","14":"entry-page-grid"},"yoast_head":"<!-- This site is optimized with the Yoast SEO plugin v27.3 - https:\/\/yoast.com\/product\/yoast-seo-wordpress\/ -->\n<title>Mix i master - Studio Cierpienie<\/title>\n<meta name=\"description\" content=\"W naszym studiu nagra\u0144 oferujemy mix i mastering w oparciu o analogowe urz\u0105dzenia, kt\u00f3rymi dysponujemy w studiu.\" \/>\n<meta name=\"robots\" content=\"index, follow, max-snippet:-1, max-image-preview:large, max-video-preview:-1\" \/>\n<link rel=\"canonical\" href=\"https:\/\/www.studiocierpienie.pl\/en\/mix-mastering\/\" \/>\n<meta property=\"og:locale\" content=\"en_US\" \/>\n<meta property=\"og:type\" content=\"article\" \/>\n<meta property=\"og:title\" content=\"Mix i master - Studio Cierpienie\" \/>\n<meta property=\"og:description\" content=\"W naszym studiu nagra\u0144 oferujemy mix i mastering w oparciu o analogowe urz\u0105dzenia, kt\u00f3rymi dysponujemy w studiu.\" \/>\n<meta property=\"og:url\" content=\"https:\/\/www.studiocierpienie.pl\/en\/mix-mastering\/\" \/>\n<meta property=\"og:site_name\" content=\"Studio Cierpienie\" \/>\n<meta property=\"article:publisher\" content=\"http:\/\/facebook.com\/studiocierpienie\" \/>\n<meta property=\"article:modified_time\" content=\"2024-03-24T17:44:40+00:00\" \/>\n<meta property=\"og:image\" content=\"https:\/\/www.studiocierpienie.pl\/wp-content\/uploads\/2022\/07\/postprodukcja_studio_nagraniowe.jpg\" \/>\n\t<meta property=\"og:image:width\" content=\"1000\" \/>\n\t<meta property=\"og:image:height\" content=\"750\" \/>\n\t<meta property=\"og:image:type\" content=\"image\/jpeg\" \/>\n<meta name=\"twitter:card\" content=\"summary_large_image\" \/>\n<meta name=\"twitter:label1\" content=\"Est. reading time\" \/>\n\t<meta name=\"twitter:data1\" content=\"1 minute\" \/>\n<script type=\"application\/ld+json\" class=\"yoast-schema-graph\">{\"@context\":\"https:\\\/\\\/schema.org\",\"@graph\":[{\"@type\":\"WebPage\",\"@id\":\"https:\\\/\\\/www.studiocierpienie.pl\\\/mix-mastering\\\/\",\"url\":\"https:\\\/\\\/www.studiocierpienie.pl\\\/mix-mastering\\\/\",\"name\":\"Mix i master - Studio Cierpienie\",\"isPartOf\":{\"@id\":\"https:\\\/\\\/www.studiocierpienie.pl\\\/#website\"},\"primaryImageOfPage\":{\"@id\":\"https:\\\/\\\/www.studiocierpienie.pl\\\/mix-mastering\\\/#primaryimage\"},\"image\":{\"@id\":\"https:\\\/\\\/www.studiocierpienie.pl\\\/mix-mastering\\\/#primaryimage\"},\"thumbnailUrl\":\"https:\\\/\\\/www.studiocierpienie.pl\\\/wp-content\\\/uploads\\\/2022\\\/07\\\/postprodukcja_studio_nagraniowe.jpg\",\"datePublished\":\"2022-07-26T15:09:04+00:00\",\"dateModified\":\"2024-03-24T17:44:40+00:00\",\"description\":\"W naszym studiu nagra\u0144 oferujemy mix i mastering w oparciu o analogowe urz\u0105dzenia, kt\u00f3rymi dysponujemy w studiu.\",\"breadcrumb\":{\"@id\":\"https:\\\/\\\/www.studiocierpienie.pl\\\/mix-mastering\\\/#breadcrumb\"},\"inLanguage\":\"en-US\",\"potentialAction\":[{\"@type\":\"ReadAction\",\"target\":[\"https:\\\/\\\/www.studiocierpienie.pl\\\/mix-mastering\\\/\"]}]},{\"@type\":\"ImageObject\",\"inLanguage\":\"en-US\",\"@id\":\"https:\\\/\\\/www.studiocierpienie.pl\\\/mix-mastering\\\/#primaryimage\",\"url\":\"https:\\\/\\\/www.studiocierpienie.pl\\\/wp-content\\\/uploads\\\/2022\\\/07\\\/postprodukcja_studio_nagraniowe.jpg\",\"contentUrl\":\"https:\\\/\\\/www.studiocierpienie.pl\\\/wp-content\\\/uploads\\\/2022\\\/07\\\/postprodukcja_studio_nagraniowe.jpg\",\"width\":1000,\"height\":750},{\"@type\":\"BreadcrumbList\",\"@id\":\"https:\\\/\\\/www.studiocierpienie.pl\\\/mix-mastering\\\/#breadcrumb\",\"itemListElement\":[{\"@type\":\"ListItem\",\"position\":1,\"name\":\"Strona g\u0142\u00f3wna\",\"item\":\"https:\\\/\\\/www.studiocierpienie.pl\\\/\"},{\"@type\":\"ListItem\",\"position\":2,\"name\":\"Mix i master\"}]},{\"@type\":\"WebSite\",\"@id\":\"https:\\\/\\\/www.studiocierpienie.pl\\\/#website\",\"url\":\"https:\\\/\\\/www.studiocierpienie.pl\\\/\",\"name\":\"Studio Cierpienie\",\"description\":\"Studio nagra\u0144 na wsi po\u015br&oacute;d pa\u0142uckich p&oacute;l\",\"publisher\":{\"@id\":\"https:\\\/\\\/www.studiocierpienie.pl\\\/#organization\"},\"potentialAction\":[{\"@type\":\"SearchAction\",\"target\":{\"@type\":\"EntryPoint\",\"urlTemplate\":\"https:\\\/\\\/www.studiocierpienie.pl\\\/?s={search_term_string}\"},\"query-input\":{\"@type\":\"PropertyValueSpecification\",\"valueRequired\":true,\"valueName\":\"search_term_string\"}}],\"inLanguage\":\"en-US\"},{\"@type\":\"Organization\",\"@id\":\"https:\\\/\\\/www.studiocierpienie.pl\\\/#organization\",\"name\":\"Studio Cierpienie - Studio Nagra\u0144\",\"url\":\"https:\\\/\\\/www.studiocierpienie.pl\\\/\",\"logo\":{\"@type\":\"ImageObject\",\"inLanguage\":\"en-US\",\"@id\":\"https:\\\/\\\/www.studiocierpienie.pl\\\/#\\\/schema\\\/logo\\\/image\\\/\",\"url\":\"http:\\\/\\\/www.studiocierpienie.pl\\\/wp-content\\\/uploads\\\/2021\\\/10\\\/studio-cierpienie-krzywe-cmyk-01-scaled.jpg\",\"contentUrl\":\"http:\\\/\\\/www.studiocierpienie.pl\\\/wp-content\\\/uploads\\\/2021\\\/10\\\/studio-cierpienie-krzywe-cmyk-01-scaled.jpg\",\"width\":2560,\"height\":2147,\"caption\":\"Studio Cierpienie - Studio Nagra\u0144\"},\"image\":{\"@id\":\"https:\\\/\\\/www.studiocierpienie.pl\\\/#\\\/schema\\\/logo\\\/image\\\/\"},\"sameAs\":[\"http:\\\/\\\/facebook.com\\\/studiocierpienie\",\"https:\\\/\\\/www.instagram.com\\\/studio_cierpienie\\\/\"]}]}<\/script>\n<!-- \/ Yoast SEO plugin. -->","yoast_head_json":{"title":"Mix i master - Studio Cierpienie","description":"W naszym studiu nagra\u0144 oferujemy mix i mastering w oparciu o analogowe urz\u0105dzenia, kt\u00f3rymi dysponujemy w studiu.","robots":{"index":"index","follow":"follow","max-snippet":"max-snippet:-1","max-image-preview":"max-image-preview:large","max-video-preview":"max-video-preview:-1"},"canonical":"https:\/\/www.studiocierpienie.pl\/en\/mix-mastering\/","og_locale":"en_US","og_type":"article","og_title":"Mix i master - Studio Cierpienie","og_description":"W naszym studiu nagra\u0144 oferujemy mix i mastering w oparciu o analogowe urz\u0105dzenia, kt\u00f3rymi dysponujemy w studiu.","og_url":"https:\/\/www.studiocierpienie.pl\/en\/mix-mastering\/","og_site_name":"Studio Cierpienie","article_publisher":"http:\/\/facebook.com\/studiocierpienie","article_modified_time":"2024-03-24T17:44:40+00:00","og_image":[{"width":1000,"height":750,"url":"https:\/\/www.studiocierpienie.pl\/wp-content\/uploads\/2022\/07\/postprodukcja_studio_nagraniowe.jpg","type":"image\/jpeg"}],"twitter_card":"summary_large_image","twitter_misc":{"Est. reading time":"1 minute"},"schema":{"@context":"https:\/\/schema.org","@graph":[{"@type":"WebPage","@id":"https:\/\/www.studiocierpienie.pl\/mix-mastering\/","url":"https:\/\/www.studiocierpienie.pl\/mix-mastering\/","name":"Mix i master - Studio Cierpienie","isPartOf":{"@id":"https:\/\/www.studiocierpienie.pl\/#website"},"primaryImageOfPage":{"@id":"https:\/\/www.studiocierpienie.pl\/mix-mastering\/#primaryimage"},"image":{"@id":"https:\/\/www.studiocierpienie.pl\/mix-mastering\/#primaryimage"},"thumbnailUrl":"https:\/\/www.studiocierpienie.pl\/wp-content\/uploads\/2022\/07\/postprodukcja_studio_nagraniowe.jpg","datePublished":"2022-07-26T15:09:04+00:00","dateModified":"2024-03-24T17:44:40+00:00","description":"W naszym studiu nagra\u0144 oferujemy mix i mastering w oparciu o analogowe urz\u0105dzenia, kt\u00f3rymi dysponujemy w studiu.","breadcrumb":{"@id":"https:\/\/www.studiocierpienie.pl\/mix-mastering\/#breadcrumb"},"inLanguage":"en-US","potentialAction":[{"@type":"ReadAction","target":["https:\/\/www.studiocierpienie.pl\/mix-mastering\/"]}]},{"@type":"ImageObject","inLanguage":"en-US","@id":"https:\/\/www.studiocierpienie.pl\/mix-mastering\/#primaryimage","url":"https:\/\/www.studiocierpienie.pl\/wp-content\/uploads\/2022\/07\/postprodukcja_studio_nagraniowe.jpg","contentUrl":"https:\/\/www.studiocierpienie.pl\/wp-content\/uploads\/2022\/07\/postprodukcja_studio_nagraniowe.jpg","width":1000,"height":750},{"@type":"BreadcrumbList","@id":"https:\/\/www.studiocierpienie.pl\/mix-mastering\/#breadcrumb","itemListElement":[{"@type":"ListItem","position":1,"name":"Strona g\u0142\u00f3wna","item":"https:\/\/www.studiocierpienie.pl\/"},{"@type":"ListItem","position":2,"name":"Mix i master"}]},{"@type":"WebSite","@id":"https:\/\/www.studiocierpienie.pl\/#website","url":"https:\/\/www.studiocierpienie.pl\/","name":"Studio Cierpienie","description":"Studio nagra\u0144 na wsi po\u015br&oacute;d pa\u0142uckich p&oacute;l","publisher":{"@id":"https:\/\/www.studiocierpienie.pl\/#organization"},"potentialAction":[{"@type":"SearchAction","target":{"@type":"EntryPoint","urlTemplate":"https:\/\/www.studiocierpienie.pl\/?s={search_term_string}"},"query-input":{"@type":"PropertyValueSpecification","valueRequired":true,"valueName":"search_term_string"}}],"inLanguage":"en-US"},{"@type":"Organization","@id":"https:\/\/www.studiocierpienie.pl\/#organization","name":"Studio Cierpienie - Studio Nagra\u0144","url":"https:\/\/www.studiocierpienie.pl\/","logo":{"@type":"ImageObject","inLanguage":"en-US","@id":"https:\/\/www.studiocierpienie.pl\/#\/schema\/logo\/image\/","url":"http:\/\/www.studiocierpienie.pl\/wp-content\/uploads\/2021\/10\/studio-cierpienie-krzywe-cmyk-01-scaled.jpg","contentUrl":"http:\/\/www.studiocierpienie.pl\/wp-content\/uploads\/2021\/10\/studio-cierpienie-krzywe-cmyk-01-scaled.jpg","width":2560,"height":2147,"caption":"Studio Cierpienie - Studio Nagra\u0144"},"image":{"@id":"https:\/\/www.studiocierpienie.pl\/#\/schema\/logo\/image\/"},"sameAs":["http:\/\/facebook.com\/studiocierpienie","https:\/\/www.instagram.com\/studio_cierpienie\/"]}]}},"_links":{"self":[{"href":"https:\/\/www.studiocierpienie.pl\/en\/wp-json\/wp\/v2\/pages\/907","targetHints":{"allow":["GET"]}}],"collection":[{"href":"https:\/\/www.studiocierpienie.pl\/en\/wp-json\/wp\/v2\/pages"}],"about":[{"href":"https:\/\/www.studiocierpienie.pl\/en\/wp-json\/wp\/v2\/types\/page"}],"author":[{"embeddable":true,"href":"https:\/\/www.studiocierpienie.pl\/en\/wp-json\/wp\/v2\/users\/1"}],"replies":[{"embeddable":true,"href":"https:\/\/www.studiocierpienie.pl\/en\/wp-json\/wp\/v2\/comments?post=907"}],"version-history":[{"count":54,"href":"https:\/\/www.studiocierpienie.pl\/en\/wp-json\/wp\/v2\/pages\/907\/revisions"}],"predecessor-version":[{"id":8485,"href":"https:\/\/www.studiocierpienie.pl\/en\/wp-json\/wp\/v2\/pages\/907\/revisions\/8485"}],"wp:featuredmedia":[{"embeddable":true,"href":"https:\/\/www.studiocierpienie.pl\/en\/wp-json\/wp\/v2\/media\/1048"}],"wp:attachment":[{"href":"https:\/\/www.studiocierpienie.pl\/en\/wp-json\/wp\/v2\/media?parent=907"}],"curies":[{"name":"wp","href":"https:\/\/api.w.org\/{rel}","templated":true}]}}