{"id":936,"date":"2022-07-26T18:55:15","date_gmt":"2022-07-26T18:55:15","guid":{"rendered":"http:\/\/www.studiocierpienie.pl\/?page_id=936"},"modified":"2026-02-11T17:41:31","modified_gmt":"2026-02-11T17:41:31","slug":"przestrzen-audio","status":"publish","type":"page","link":"https:\/\/www.studiocierpienie.pl\/en\/przestrzen-audio\/","title":{"rendered":"Space"},"content":{"rendered":"<div  data-font-color=\"dark\" class=\"wvc-clearfix  wvc-row wvc-parent-row wvc-row-width-wide wvc-row-layout-column wvc-video-bg-is-mute wvc-row-bg-effect-none wvc-row-bg-default wvc-font-dark wvc-border-color-none wvc-background-color-default wvc-row-content-placement-default wvc-row-columns-placement-default section\" style=\"\"><div class=\"wvc-row-wrapper wvc-row-wrapper-width-standard wvc-row-column-equal-height-no\" style=\"\"><div class=\"wvc-row-content\"><div class=\"wvc-columns-container\" style=\"\"><div id=\"wvc-col-9120\" class=\"wvc-col-12 wvc-column wvc-column-content-placement-default wvc-column-content-type-default wvc-column-content-alignment-center wvc-column-text-alignment-default\" data-base-width-int=\"12\" style=\"\"><div class=\"wvc-column-container wvc-column-bg-default wvc-column-bg-effect-none wvc-font-inherit wvc-column-font-inherit wvc-column-style-none wvc-border-color-none wvc-background-color-default\" style=\"\"><div class=\"wvc-column-inner\"><div class=\"wvc-column-wrapper wpb_wrapper\" style=\"\"><div class=\"vc_empty_space\"   style=\"height: 50px\" ><span class=\"vc_empty_space_inner\"><\/span><\/div><\/div><!--.wvc-column-wrapper--><\/div><!--.wvc-column-inner--><\/div><!--.wvc-column-container--><\/div><!--.wvc-column--><\/div><!--.wvc-columns-container--><\/div><!--.wvc-row-content--><\/div><!--.wvc-row-wrapper--><\/div><!--.wvc-row--><div  data-font-color=\"dark\" class=\"wvc-clearfix  wvc-row wvc-parent-row wvc-row-width-wide wvc-row-layout-column wvc-video-bg-is-mute wvc-row-bg-effect-none wvc-row-bg-default wvc-font-dark wvc-border-color-none wvc-background-color-default wvc-row-content-placement-default wvc-row-columns-placement-default section\" style=\"\"><div class=\"wvc-row-wrapper wvc-row-wrapper-width-standard wvc-row-column-equal-height-no\" style=\"\"><div class=\"wvc-row-content\"><div class=\"wvc-columns-container\" style=\"\"><div id=\"wvc-col-310\" class=\"wvc-col-6 wvc-column wvc-column-content-placement-default wvc-column-content-type-default wvc-column-content-alignment-center wvc-column-text-alignment-default\" data-base-width-int=\"6\" style=\"\"><div class=\"wvc-column-container wvc-column-bg-default wvc-column-bg-effect-none wvc-font-inherit wvc-column-font-inherit wvc-column-style-none wvc-border-color-none wvc-background-color-default\" style=\"\"><div class=\"wvc-column-inner\"><div class=\"wvc-column-wrapper wpb_wrapper\" style=\"\"><div class=\"wvc-custom-heading wvc-element wvc-text-align-left\" style=\"\"><h2 style=\"font-size:32px;text-align:left;line-height:1.5;\" class=\"wvc-mobile-text-align- wvc-text-color-default\"\n\t\tdata-heading-text=\"Adaptacja akustyczna\"\n\t\tdata-max-font-size=\"32\"\n\t\tdata-min-font-size=\"18\">Adaptacja akustyczna<\/h2><\/div><div class=\"wvc-text-block wvc-clearfix wvc-element wvc-mobile-text-align-\" style=\"\"><div class=\"wbp_wrapper\"><h3>projekt: Krzysztof K\u0142os<br \/>\nkonsultacje architektoniczne: Micha\u0142 Marmur (Marmur Studio)<br \/>\nwykonanie: Adrian Chachu\u0142a i \u0141ukasz Andrzejczak<\/h3>\n<\/div><!--.wbp_wrapper--><\/div><!--.wvc-text-block--><div class=\"wvc-custom-heading wvc-element wvc-text-align-left wvc-hide-mobile\" style=\"\"><h2 style=\"font-size:24px;font-weight:400;text-align:left;line-height:1.5;\" class=\"wvc-mobile-text-align- wvc-text-color-default\"\n\t\tdata-heading-text=\"Ambience naszej hali nagraniowej (live roomu) oraz brzmienie mikrofon\u00f3w nadaj\u0105 nagraniom wyj\u0105tkowego charakteru. Zapisujemy uczucie organicznego brzmienia instrument\u00f3w w przestrzeni. Dzi\u0119ki temu uchwycisz w nagraniu energi\u0119 grania na \u017cywo. Zar\u00f3wno hala, jak i pozbawiona pog\u0142osu re\u017cyserka, s\u0105 przestronne i komfortowe. Mo\u017cesz pozwoli\u0107 sobie zar\u00f3wno na swobodn\u0105 ekspresj\u0119, jak i znajdziesz przestrze\u0144 dla siebie.\"\n\t\tdata-max-font-size=\"24\"\n\t\tdata-min-font-size=\"18\"><span class=\"wvc-custom-heading-line \" style=\"\">Ambience naszej hali nagraniowej (live roomu) oraz brzmienie mikrofon\u00f3w nadaj\u0105 nagraniom wyj\u0105tkowego charakteru. Zapisujemy uczucie organicznego brzmienia instrument\u00f3w w przestrzeni. Dzi\u0119ki temu uchwycisz w nagraniu energi\u0119 grania na \u017cywo.<\/span><span class=\"wvc-custom-heading-line \" style=\"animation-delay:0.1s;-webkit-animation-delay:0.1s;\">Zar\u00f3wno hala, jak i pozbawiona pog\u0142osu re\u017cyserka, s\u0105 przestronne i komfortowe. Mo\u017cesz pozwoli\u0107 sobie zar\u00f3wno na swobodn\u0105 ekspresj\u0119, jak i znajdziesz przestrze\u0144 dla siebie.<\/span><\/h2><\/div><div class=\"vc_empty_space\"   style=\"height: 50px\" ><span class=\"vc_empty_space_inner\"><\/span><\/div><div class=\"wvc-show-mobile wvc-text-block wvc-clearfix wvc-element wvc-mobile-text-align-\" style=\"\"><div class=\"wbp_wrapper\"><p><span style=\"font-size: 14pt\">Ambience naszej hali nagraniowej (live roomu), pog\u0142os d\u0142ugo\u015bci 1,5s oraz brzmienie mikrofon\u00f3w dodaj\u0105 nagraniom wyj\u0105tkowego charakteru. Zapisujemy uczucie organicznego brzmienia instrument\u00f3w w przestrzeni. Dzi\u0119ki temu uchwycisz w nagraniu energi\u0119 grania na \u017cywo.<\/span><br \/>\n<span style=\"font-size: 14pt\">Zar\u00f3wno hala, jak i pozbawiona pog\u0142osu re\u017cyserka, s\u0105 przestronne i komfortowe. Mo\u017cesz pozwoli\u0107 sobie zar\u00f3wno na swobodn\u0105 ekspresj\u0119, jak i znajdziesz przestrze\u0144 dla siebie.<\/span><\/p>\n<\/div><!--.wbp_wrapper--><\/div><!--.wvc-text-block--><\/div><!--.wvc-column-wrapper--><\/div><!--.wvc-column-inner--><\/div><!--.wvc-column-container--><\/div><!--.wvc-column--><div id=\"wvc-col-9945\" class=\"wvc-col-6 wvc-column wvc-column-content-placement-default wvc-column-content-type-default wvc-column-content-alignment-center wvc-column-text-alignment-default\" data-base-width-int=\"6\" style=\"\"><div class=\"wvc-column-container wvc-column-bg-default wvc-column-bg-effect-none wvc-font-inherit wvc-column-font-inherit wvc-column-style-none wvc-border-color-none wvc-background-color-default\" style=\"\"><div class=\"wvc-column-inner\"><div class=\"wvc-column-wrapper wpb_wrapper\" style=\"\"><div  class=\"wvc-clearfix wvc-gallery wvc-gallery-metro wvc-gallery-padding-no wvc-metro-auto wvc-element wvc-gallery-add-caption- wvc-gallery-columns-4\" style=\"\"><figure class=' wvc-metro-item wvc-metro-item-bg-size-cover wvc-img-metro' style='animation-delay:0ms;'><div class=\"wvc-metro-box wvc-img-metro-box\"><div class=\"wvc-img-metro-outer\"><div class=\"wvc-img-metro-inner\"><a class=\"wvc-img wvc-img-hover-effect-default wvc-lightbox\" href=\"https:\/\/www.studiocierpienie.pl\/wp-content\/uploads\/2024\/03\/studio_cierpienie_akustyka.jpg\" data-rel=\"lightbox[rel-936-785488103]\" title=\"studio_cierpienie_akustyka\" data-caption=\"\"><img loading=\"lazy\" decoding=\"async\" width=\"1024\" height=\"683\" src=\"https:\/\/www.studiocierpienie.pl\/wp-content\/uploads\/2024\/03\/studio_cierpienie_akustyka-1024x683.jpg\" class=\"wvc-img-cover\" alt=\"Akustyka studia nagraniowego Studio Cierpienie\" srcset=\"https:\/\/www.studiocierpienie.pl\/wp-content\/uploads\/2024\/03\/studio_cierpienie_akustyka-1024x683.jpg 1024w, https:\/\/www.studiocierpienie.pl\/wp-content\/uploads\/2024\/03\/studio_cierpienie_akustyka-664x443.jpg 664w, https:\/\/www.studiocierpienie.pl\/wp-content\/uploads\/2024\/03\/studio_cierpienie_akustyka-300x200.jpg 300w, https:\/\/www.studiocierpienie.pl\/wp-content\/uploads\/2024\/03\/studio_cierpienie_akustyka-768x512.jpg 768w, https:\/\/www.studiocierpienie.pl\/wp-content\/uploads\/2024\/03\/studio_cierpienie_akustyka-1536x1024.jpg 1536w, https:\/\/www.studiocierpienie.pl\/wp-content\/uploads\/2024\/03\/studio_cierpienie_akustyka-855x570.jpg 855w, https:\/\/www.studiocierpienie.pl\/wp-content\/uploads\/2024\/03\/studio_cierpienie_akustyka-500x333.jpg 500w, https:\/\/www.studiocierpienie.pl\/wp-content\/uploads\/2024\/03\/studio_cierpienie_akustyka-550x367.jpg 550w, https:\/\/www.studiocierpienie.pl\/wp-content\/uploads\/2024\/03\/studio_cierpienie_akustyka-700x467.jpg 700w, https:\/\/www.studiocierpienie.pl\/wp-content\/uploads\/2024\/03\/studio_cierpienie_akustyka-400x267.jpg 400w, https:\/\/www.studiocierpienie.pl\/wp-content\/uploads\/2024\/03\/studio_cierpienie_akustyka.jpg 1920w\" sizes=\"auto, (max-width: 1024px) 100vw, 1024px\" \/><\/a><\/div><\/div><\/div><\/figure><figure class=' wvc-metro-item wvc-metro-item-bg-size-cover wvc-metro-item-landscape wvc-img-metro' style='animation-delay:200ms;'><div class=\"wvc-metro-box wvc-img-metro-box\"><div class=\"wvc-img-metro-outer\"><div class=\"wvc-img-metro-inner\"><a class=\"wvc-img wvc-img-hover-effect-default wvc-lightbox\" href=\"https:\/\/www.studiocierpienie.pl\/wp-content\/uploads\/revslider\/video-media\/studio-cierpienie-vid_1_1_91.jpeg\" data-rel=\"lightbox[rel-936-785488103]\" title=\"studio-cierpienie-vid_1_1_91.jpeg\" data-caption=\"\"><img loading=\"lazy\" decoding=\"async\" width=\"854\" height=\"480\" src=\"https:\/\/www.studiocierpienie.pl\/wp-content\/uploads\/revslider\/video-media\/studio-cierpienie-vid_1_1_91.jpeg\" class=\"wvc-img-cover\" alt=\"\" srcset=\"https:\/\/www.studiocierpienie.pl\/wp-content\/uploads\/revslider\/video-media\/studio-cierpienie-vid_1_1_91.jpeg 854w, https:\/\/www.studiocierpienie.pl\/wp-content\/uploads\/revslider\/video-media\/studio-cierpienie-vid_1_1_91-300x169.jpeg 300w, https:\/\/www.studiocierpienie.pl\/wp-content\/uploads\/revslider\/video-media\/studio-cierpienie-vid_1_1_91-768x432.jpeg 768w, https:\/\/www.studiocierpienie.pl\/wp-content\/uploads\/revslider\/video-media\/studio-cierpienie-vid_1_1_91-500x281.jpeg 500w, https:\/\/www.studiocierpienie.pl\/wp-content\/uploads\/revslider\/video-media\/studio-cierpienie-vid_1_1_91-550x309.jpeg 550w, https:\/\/www.studiocierpienie.pl\/wp-content\/uploads\/revslider\/video-media\/studio-cierpienie-vid_1_1_91-700x393.jpeg 700w, https:\/\/www.studiocierpienie.pl\/wp-content\/uploads\/revslider\/video-media\/studio-cierpienie-vid_1_1_91-400x225.jpeg 400w, https:\/\/www.studiocierpienie.pl\/wp-content\/uploads\/revslider\/video-media\/studio-cierpienie-vid_1_1_91-640x360.jpeg 640w, https:\/\/www.studiocierpienie.pl\/wp-content\/uploads\/revslider\/video-media\/studio-cierpienie-vid_1_1_91-664x373.jpeg 664w\" sizes=\"auto, (max-width: 854px) 100vw, 854px\" \/><\/a><\/div><\/div><\/div><\/figure><figure class=' wvc-metro-item wvc-metro-item-bg-size-cover wvc-img-metro' style='animation-delay:400ms;'><div class=\"wvc-metro-box wvc-img-metro-box\"><div class=\"wvc-img-metro-outer\"><div class=\"wvc-img-metro-inner\"><a class=\"wvc-img wvc-img-hover-effect-default wvc-lightbox\" href=\"https:\/\/www.studiocierpienie.pl\/wp-content\/uploads\/2023\/07\/studio_cierpienie_control_room_6-07-23dpi-scaled.jpg\" data-rel=\"lightbox[rel-936-785488103]\" title=\"studio-cierpienie-control-room-6-07-23dpi\" data-caption=\"control room\"><img loading=\"lazy\" decoding=\"async\" width=\"1024\" height=\"722\" src=\"https:\/\/www.studiocierpienie.pl\/wp-content\/uploads\/2023\/07\/studio_cierpienie_control_room_6-07-23dpi-1024x722.jpg\" class=\"wvc-img-cover\" alt=\"View of control room with studio equipment setup, seen through a window glass. There&#039;s reflexion of windows for the outside showing day light and greenery.\" srcset=\"https:\/\/www.studiocierpienie.pl\/wp-content\/uploads\/2023\/07\/studio_cierpienie_control_room_6-07-23dpi-1024x722.jpg 1024w, https:\/\/www.studiocierpienie.pl\/wp-content\/uploads\/2023\/07\/studio_cierpienie_control_room_6-07-23dpi-scaled-664x468.jpg 664w, https:\/\/www.studiocierpienie.pl\/wp-content\/uploads\/2023\/07\/studio_cierpienie_control_room_6-07-23dpi-300x212.jpg 300w, https:\/\/www.studiocierpienie.pl\/wp-content\/uploads\/2023\/07\/studio_cierpienie_control_room_6-07-23dpi-768x542.jpg 768w, https:\/\/www.studiocierpienie.pl\/wp-content\/uploads\/2023\/07\/studio_cierpienie_control_room_6-07-23dpi-1536x1083.jpg 1536w, https:\/\/www.studiocierpienie.pl\/wp-content\/uploads\/2023\/07\/studio_cierpienie_control_room_6-07-23dpi-2048x1445.jpg 2048w\" sizes=\"auto, (max-width: 1024px) 100vw, 1024px\" \/><\/a><\/div><\/div><\/div><\/figure><\/div><!--.vc_gallery--><\/div><!--.wvc-column-wrapper--><\/div><!--.wvc-column-inner--><\/div><!--.wvc-column-container--><\/div><!--.wvc-column--><\/div><!--.wvc-columns-container--><\/div><!--.wvc-row-content--><\/div><!--.wvc-row-wrapper--><\/div><!--.wvc-row--><div  data-font-color=\"dark\" class=\"wvc-clearfix  wvc-row wvc-parent-row wvc-row-width-wide wvc-row-layout-column wvc-video-bg-is-mute wvc-row-bg-effect-none wvc-row-bg-default wvc-font-dark wvc-border-color-none wvc-background-color-default wvc-row-content-placement-default wvc-row-columns-placement-default section\" style=\"\"><div class=\"wvc-row-wrapper wvc-row-wrapper-width-standard wvc-row-column-equal-height-no\" style=\"\"><div class=\"wvc-row-content\"><div class=\"wvc-columns-container\" style=\"\"><div id=\"wvc-col-7038\" class=\"wvc-col-12 wvc-column wvc-column-content-placement-default wvc-column-content-type-default wvc-column-content-alignment-center wvc-column-text-alignment-default\" data-base-width-int=\"12\" style=\"\"><div class=\"wvc-column-container wvc-column-bg-default wvc-column-bg-effect-none wvc-font-inherit wvc-column-font-inherit wvc-column-style-none wvc-border-color-none wvc-background-color-default\" style=\"\"><div class=\"wvc-column-inner\"><div class=\"wvc-column-wrapper wpb_wrapper\" style=\"\"><div class=\"vc_empty_space\"   style=\"height: 50px\" ><span class=\"vc_empty_space_inner\"><\/span><\/div><\/div><!--.wvc-column-wrapper--><\/div><!--.wvc-column-inner--><\/div><!--.wvc-column-container--><\/div><!--.wvc-column--><\/div><!--.wvc-columns-container--><\/div><!--.wvc-row-content--><\/div><!--.wvc-row-wrapper--><\/div><!--.wvc-row--><\/p>\n","protected":false},"excerpt":{"rendered":"Adaptacja akustycznaprojekt: Krzysztof K\u0142os konsultacje architektoniczne: Micha\u0142 Marmur (Marmur Studio) wykonanie: Adrian Chachu\u0142a i \u0141ukasz Andrzejczak Ambience naszej hali nagraniowej (live roomu) oraz brzmienie mikrofon\u00f3w nadaj\u0105 nagraniom wyj\u0105tkowego charakteru. Zapisujemy uczucie organicznego brzmienia instrument\u00f3w w przestrzeni. Dzi\u0119ki temu uchwycisz w nagraniu energi\u0119 grania na \u017cywo. Zar\u00f3wno hala, jak i pozbawiona pog\u0142osu re\u017cyserka, s\u0105 przestronne i...<p><a rel=\"bookmark\" class=\"decibel-button-text wvc-button wvc-button-size-sm wolf-core-button wolf-core-button-size-sm\" href=\"https:\/\/www.studiocierpienie.pl\/en\/przestrzen-audio\/\"><small class=\"wvc-button-background-fill wolf-core-button-background-fill\"><\/small><span>continue reading<\/span><\/a><\/p>","protected":false},"author":1,"featured_media":7752,"parent":0,"menu_order":0,"comment_status":"closed","ping_status":"closed","template":"","meta":{"footnotes":""},"class_list":{"0":"post-936","1":"page","2":"type-page","3":"status-publish","4":"has-post-thumbnail","5":"hentry","6":"entry","7":"clearfix","8":"entry-grid","9":"entry-columns-default","10":"entry-page-module-layout-standard","11":"thumbnail-color-tone-dark","12":"entry-page","14":"entry-page-grid"},"yoast_head":"<!-- This site is optimized with the Yoast SEO plugin v27.3 - https:\/\/yoast.com\/product\/yoast-seo-wordpress\/ -->\n<title>Przestrze\u0144 - Studio Cierpienie<\/title>\n<meta name=\"description\" content=\"Profesjonalnie zaadaptowana akustycznie obszerna przestrze\u0144 do nagra\u0144 audio: live room 90 m\u00b2, control room 50 m\u00b2. Dost\u0119pny nocleg.\" \/>\n<meta name=\"robots\" content=\"index, follow, max-snippet:-1, max-image-preview:large, max-video-preview:-1\" \/>\n<link rel=\"canonical\" href=\"https:\/\/www.studiocierpienie.pl\/en\/przestrzen-audio\/\" \/>\n<meta property=\"og:locale\" content=\"en_US\" \/>\n<meta property=\"og:type\" content=\"article\" \/>\n<meta property=\"og:title\" content=\"Przestrze\u0144 - Studio Cierpienie\" \/>\n<meta property=\"og:description\" content=\"Profesjonalnie zaadaptowana akustycznie obszerna przestrze\u0144 do nagra\u0144 audio: live room 90 m\u00b2, control room 50 m\u00b2. Dost\u0119pny nocleg.\" \/>\n<meta property=\"og:url\" content=\"https:\/\/www.studiocierpienie.pl\/en\/przestrzen-audio\/\" \/>\n<meta property=\"og:site_name\" content=\"Studio Cierpienie\" \/>\n<meta property=\"article:publisher\" content=\"http:\/\/facebook.com\/studiocierpienie\" \/>\n<meta property=\"article:modified_time\" content=\"2026-02-11T17:41:31+00:00\" \/>\n<meta property=\"og:image\" content=\"https:\/\/www.studiocierpienie.pl\/wp-content\/uploads\/2024\/03\/studio_cierpienie_akustyka-1024x683.jpg\" \/>\n\t<meta property=\"og:image:width\" content=\"1024\" \/>\n\t<meta property=\"og:image:height\" content=\"683\" \/>\n\t<meta property=\"og:image:type\" content=\"image\/jpeg\" \/>\n<meta name=\"twitter:card\" content=\"summary_large_image\" \/>\n<meta name=\"twitter:label1\" content=\"Est. reading time\" \/>\n\t<meta name=\"twitter:data1\" content=\"1 minute\" \/>\n<script type=\"application\/ld+json\" class=\"yoast-schema-graph\">{\"@context\":\"https:\\\/\\\/schema.org\",\"@graph\":[{\"@type\":\"WebPage\",\"@id\":\"https:\\\/\\\/www.studiocierpienie.pl\\\/przestrzen-audio\\\/\",\"url\":\"https:\\\/\\\/www.studiocierpienie.pl\\\/przestrzen-audio\\\/\",\"name\":\"Przestrze\u0144 - Studio Cierpienie\",\"isPartOf\":{\"@id\":\"https:\\\/\\\/www.studiocierpienie.pl\\\/#website\"},\"primaryImageOfPage\":{\"@id\":\"https:\\\/\\\/www.studiocierpienie.pl\\\/przestrzen-audio\\\/#primaryimage\"},\"image\":{\"@id\":\"https:\\\/\\\/www.studiocierpienie.pl\\\/przestrzen-audio\\\/#primaryimage\"},\"thumbnailUrl\":\"https:\\\/\\\/www.studiocierpienie.pl\\\/wp-content\\\/uploads\\\/2024\\\/03\\\/studio_cierpienie_akustyka.jpg\",\"datePublished\":\"2022-07-26T18:55:15+00:00\",\"dateModified\":\"2026-02-11T17:41:31+00:00\",\"description\":\"Profesjonalnie zaadaptowana akustycznie obszerna przestrze\u0144 do nagra\u0144 audio: live room 90 m\u00b2, control room 50 m\u00b2. Dost\u0119pny nocleg.\",\"breadcrumb\":{\"@id\":\"https:\\\/\\\/www.studiocierpienie.pl\\\/przestrzen-audio\\\/#breadcrumb\"},\"inLanguage\":\"en-US\",\"potentialAction\":[{\"@type\":\"ReadAction\",\"target\":[\"https:\\\/\\\/www.studiocierpienie.pl\\\/przestrzen-audio\\\/\"]}]},{\"@type\":\"ImageObject\",\"inLanguage\":\"en-US\",\"@id\":\"https:\\\/\\\/www.studiocierpienie.pl\\\/przestrzen-audio\\\/#primaryimage\",\"url\":\"https:\\\/\\\/www.studiocierpienie.pl\\\/wp-content\\\/uploads\\\/2024\\\/03\\\/studio_cierpienie_akustyka.jpg\",\"contentUrl\":\"https:\\\/\\\/www.studiocierpienie.pl\\\/wp-content\\\/uploads\\\/2024\\\/03\\\/studio_cierpienie_akustyka.jpg\",\"width\":1920,\"height\":1280,\"caption\":\"Akustyka studia nagraniowego Studio Cierpienie\"},{\"@type\":\"BreadcrumbList\",\"@id\":\"https:\\\/\\\/www.studiocierpienie.pl\\\/przestrzen-audio\\\/#breadcrumb\",\"itemListElement\":[{\"@type\":\"ListItem\",\"position\":1,\"name\":\"Strona g\u0142\u00f3wna\",\"item\":\"https:\\\/\\\/www.studiocierpienie.pl\\\/\"},{\"@type\":\"ListItem\",\"position\":2,\"name\":\"Przestrze\u0144\"}]},{\"@type\":\"WebSite\",\"@id\":\"https:\\\/\\\/www.studiocierpienie.pl\\\/#website\",\"url\":\"https:\\\/\\\/www.studiocierpienie.pl\\\/\",\"name\":\"Studio Cierpienie\",\"description\":\"Studio nagra\u0144 na wsi po\u015br&oacute;d pa\u0142uckich p&oacute;l\",\"publisher\":{\"@id\":\"https:\\\/\\\/www.studiocierpienie.pl\\\/#organization\"},\"potentialAction\":[{\"@type\":\"SearchAction\",\"target\":{\"@type\":\"EntryPoint\",\"urlTemplate\":\"https:\\\/\\\/www.studiocierpienie.pl\\\/?s={search_term_string}\"},\"query-input\":{\"@type\":\"PropertyValueSpecification\",\"valueRequired\":true,\"valueName\":\"search_term_string\"}}],\"inLanguage\":\"en-US\"},{\"@type\":\"Organization\",\"@id\":\"https:\\\/\\\/www.studiocierpienie.pl\\\/#organization\",\"name\":\"Studio Cierpienie - Studio Nagra\u0144\",\"url\":\"https:\\\/\\\/www.studiocierpienie.pl\\\/\",\"logo\":{\"@type\":\"ImageObject\",\"inLanguage\":\"en-US\",\"@id\":\"https:\\\/\\\/www.studiocierpienie.pl\\\/#\\\/schema\\\/logo\\\/image\\\/\",\"url\":\"http:\\\/\\\/www.studiocierpienie.pl\\\/wp-content\\\/uploads\\\/2021\\\/10\\\/studio-cierpienie-krzywe-cmyk-01-scaled.jpg\",\"contentUrl\":\"http:\\\/\\\/www.studiocierpienie.pl\\\/wp-content\\\/uploads\\\/2021\\\/10\\\/studio-cierpienie-krzywe-cmyk-01-scaled.jpg\",\"width\":2560,\"height\":2147,\"caption\":\"Studio Cierpienie - Studio Nagra\u0144\"},\"image\":{\"@id\":\"https:\\\/\\\/www.studiocierpienie.pl\\\/#\\\/schema\\\/logo\\\/image\\\/\"},\"sameAs\":[\"http:\\\/\\\/facebook.com\\\/studiocierpienie\",\"https:\\\/\\\/www.instagram.com\\\/studio_cierpienie\\\/\"]}]}<\/script>\n<!-- \/ Yoast SEO plugin. -->","yoast_head_json":{"title":"Przestrze\u0144 - Studio Cierpienie","description":"Profesjonalnie zaadaptowana akustycznie obszerna przestrze\u0144 do nagra\u0144 audio: live room 90 m\u00b2, control room 50 m\u00b2. Dost\u0119pny nocleg.","robots":{"index":"index","follow":"follow","max-snippet":"max-snippet:-1","max-image-preview":"max-image-preview:large","max-video-preview":"max-video-preview:-1"},"canonical":"https:\/\/www.studiocierpienie.pl\/en\/przestrzen-audio\/","og_locale":"en_US","og_type":"article","og_title":"Przestrze\u0144 - Studio Cierpienie","og_description":"Profesjonalnie zaadaptowana akustycznie obszerna przestrze\u0144 do nagra\u0144 audio: live room 90 m\u00b2, control room 50 m\u00b2. Dost\u0119pny nocleg.","og_url":"https:\/\/www.studiocierpienie.pl\/en\/przestrzen-audio\/","og_site_name":"Studio Cierpienie","article_publisher":"http:\/\/facebook.com\/studiocierpienie","article_modified_time":"2026-02-11T17:41:31+00:00","og_image":[{"width":1024,"height":683,"url":"https:\/\/www.studiocierpienie.pl\/wp-content\/uploads\/2024\/03\/studio_cierpienie_akustyka-1024x683.jpg","type":"image\/jpeg"}],"twitter_card":"summary_large_image","twitter_misc":{"Est. reading time":"1 minute"},"schema":{"@context":"https:\/\/schema.org","@graph":[{"@type":"WebPage","@id":"https:\/\/www.studiocierpienie.pl\/przestrzen-audio\/","url":"https:\/\/www.studiocierpienie.pl\/przestrzen-audio\/","name":"Przestrze\u0144 - Studio Cierpienie","isPartOf":{"@id":"https:\/\/www.studiocierpienie.pl\/#website"},"primaryImageOfPage":{"@id":"https:\/\/www.studiocierpienie.pl\/przestrzen-audio\/#primaryimage"},"image":{"@id":"https:\/\/www.studiocierpienie.pl\/przestrzen-audio\/#primaryimage"},"thumbnailUrl":"https:\/\/www.studiocierpienie.pl\/wp-content\/uploads\/2024\/03\/studio_cierpienie_akustyka.jpg","datePublished":"2022-07-26T18:55:15+00:00","dateModified":"2026-02-11T17:41:31+00:00","description":"Profesjonalnie zaadaptowana akustycznie obszerna przestrze\u0144 do nagra\u0144 audio: live room 90 m\u00b2, control room 50 m\u00b2. Dost\u0119pny nocleg.","breadcrumb":{"@id":"https:\/\/www.studiocierpienie.pl\/przestrzen-audio\/#breadcrumb"},"inLanguage":"en-US","potentialAction":[{"@type":"ReadAction","target":["https:\/\/www.studiocierpienie.pl\/przestrzen-audio\/"]}]},{"@type":"ImageObject","inLanguage":"en-US","@id":"https:\/\/www.studiocierpienie.pl\/przestrzen-audio\/#primaryimage","url":"https:\/\/www.studiocierpienie.pl\/wp-content\/uploads\/2024\/03\/studio_cierpienie_akustyka.jpg","contentUrl":"https:\/\/www.studiocierpienie.pl\/wp-content\/uploads\/2024\/03\/studio_cierpienie_akustyka.jpg","width":1920,"height":1280,"caption":"Akustyka studia nagraniowego Studio Cierpienie"},{"@type":"BreadcrumbList","@id":"https:\/\/www.studiocierpienie.pl\/przestrzen-audio\/#breadcrumb","itemListElement":[{"@type":"ListItem","position":1,"name":"Strona g\u0142\u00f3wna","item":"https:\/\/www.studiocierpienie.pl\/"},{"@type":"ListItem","position":2,"name":"Przestrze\u0144"}]},{"@type":"WebSite","@id":"https:\/\/www.studiocierpienie.pl\/#website","url":"https:\/\/www.studiocierpienie.pl\/","name":"Studio Cierpienie","description":"Studio nagra\u0144 na wsi po\u015br&oacute;d pa\u0142uckich p&oacute;l","publisher":{"@id":"https:\/\/www.studiocierpienie.pl\/#organization"},"potentialAction":[{"@type":"SearchAction","target":{"@type":"EntryPoint","urlTemplate":"https:\/\/www.studiocierpienie.pl\/?s={search_term_string}"},"query-input":{"@type":"PropertyValueSpecification","valueRequired":true,"valueName":"search_term_string"}}],"inLanguage":"en-US"},{"@type":"Organization","@id":"https:\/\/www.studiocierpienie.pl\/#organization","name":"Studio Cierpienie - Studio Nagra\u0144","url":"https:\/\/www.studiocierpienie.pl\/","logo":{"@type":"ImageObject","inLanguage":"en-US","@id":"https:\/\/www.studiocierpienie.pl\/#\/schema\/logo\/image\/","url":"http:\/\/www.studiocierpienie.pl\/wp-content\/uploads\/2021\/10\/studio-cierpienie-krzywe-cmyk-01-scaled.jpg","contentUrl":"http:\/\/www.studiocierpienie.pl\/wp-content\/uploads\/2021\/10\/studio-cierpienie-krzywe-cmyk-01-scaled.jpg","width":2560,"height":2147,"caption":"Studio Cierpienie - Studio Nagra\u0144"},"image":{"@id":"https:\/\/www.studiocierpienie.pl\/#\/schema\/logo\/image\/"},"sameAs":["http:\/\/facebook.com\/studiocierpienie","https:\/\/www.instagram.com\/studio_cierpienie\/"]}]}},"_links":{"self":[{"href":"https:\/\/www.studiocierpienie.pl\/en\/wp-json\/wp\/v2\/pages\/936","targetHints":{"allow":["GET"]}}],"collection":[{"href":"https:\/\/www.studiocierpienie.pl\/en\/wp-json\/wp\/v2\/pages"}],"about":[{"href":"https:\/\/www.studiocierpienie.pl\/en\/wp-json\/wp\/v2\/types\/page"}],"author":[{"embeddable":true,"href":"https:\/\/www.studiocierpienie.pl\/en\/wp-json\/wp\/v2\/users\/1"}],"replies":[{"embeddable":true,"href":"https:\/\/www.studiocierpienie.pl\/en\/wp-json\/wp\/v2\/comments?post=936"}],"version-history":[{"count":65,"href":"https:\/\/www.studiocierpienie.pl\/en\/wp-json\/wp\/v2\/pages\/936\/revisions"}],"predecessor-version":[{"id":8826,"href":"https:\/\/www.studiocierpienie.pl\/en\/wp-json\/wp\/v2\/pages\/936\/revisions\/8826"}],"wp:featuredmedia":[{"embeddable":true,"href":"https:\/\/www.studiocierpienie.pl\/en\/wp-json\/wp\/v2\/media\/7752"}],"wp:attachment":[{"href":"https:\/\/www.studiocierpienie.pl\/en\/wp-json\/wp\/v2\/media?parent=936"}],"curies":[{"name":"wp","href":"https:\/\/api.w.org\/{rel}","templated":true}]}}